{"id":6575,"date":"2025-05-04T10:04:43","date_gmt":"2025-05-04T10:04:43","guid":{"rendered":"https:\/\/alexcompany.net\/alexcompany\/?post_type=product&#038;p=6575"},"modified":"2025-05-04T10:10:48","modified_gmt":"2025-05-04T10:10:48","slug":"swan-tsp-38-5-160rz","status":"publish","type":"product","link":"https:\/\/alexcompany.net\/alexcompany\/product\/swan-tsp-38-5-160rz\/","title":{"rendered":"SWAN TSP 38-5 160RZ"},"content":{"rendered":"<div class=\"wpb-content-wrapper\"><p>[vc_row][vc_column]<div class='wd_empty_space' data-heightmobile='20' data-heighttablet='30' data-heightdesktop='50'\r\n \t\t\t\t\t\tstyle='height:50px' ><\/div><div class=\"wd-heading text-center  \" style=\"max-width: 100%\" >\r\n\t\r\n\t\t\r\n\t\t<h2 style=\"margin:0;font-size:50px;\" class=\"title_a\" data-text=\"ALEX EQUIPMENT COMPANY\">\r\n\t\tSpecifications\t\t<\/h2>\r\n\r\n\t\t\t\t\t\t\t<p style=\"\" class=\"sub_title_a\">\r\n\t\t\tALEX EQUIPMENT COMPANY\t\t\t<\/p>\r\n\t\t\t\t\r\n\t\t<\/div>\r\n\t<div class='wd_empty_space' data-heightmobile='67' data-heighttablet='67' data-heightdesktop='67'\r\n\t\tstyle='height:67px' ><\/div>[vc_toggle title=&#8221;Abschnitt: Betonpumpe&#8221; style=&#8221;square&#8221; size=&#8221;lg&#8221; open=&#8221;true&#8221; css=&#8221;&#8221; el_class=&#8221;faq-p&#8221;]<\/p>\n<table class=\"bdt-static-table\">\n<tbody>\n<tr>\n<td class=\"bdt-static-body-row-cell elementor-repeater-item-ebfb0bf\">\n<div class=\"bdt-static-body-row-cell-wrap\">\n<div class=\"bdt-static-body-row-cell-text\">Max. theoretical concrete capacity<\/div>\n<\/div>\n<\/td>\n<td class=\"bdt-static-body-row-cell elementor-repeater-item-5378118\">\n<div class=\"bdt-static-body-row-cell-wrap\">\n<div class=\"bdt-static-body-row-cell-text\">160 m\u00b3\/hr<\/div>\n<\/div>\n<\/td>\n<\/tr>\n<tr>\n<td class=\"bdt-static-body-row-cell elementor-repeater-item-8b2c07d\">\n<div class=\"bdt-static-body-row-cell-wrap\">\n<div class=\"bdt-static-body-row-cell-text\">Max. theoretical concrete pressure<\/div>\n<\/div>\n<\/td>\n<td class=\"bdt-static-body-row-cell elementor-repeater-item-45ebbfa\">\n<div class=\"bdt-static-body-row-cell-wrap\">\n<div class=\"bdt-static-body-row-cell-text\">85 bar<\/div>\n<\/div>\n<\/td>\n<\/tr>\n<tr>\n<td class=\"bdt-static-body-row-cell elementor-repeater-item-1fd7f5c\">\n<div class=\"bdt-static-body-row-cell-wrap\">\n<div class=\"bdt-static-body-row-cell-text\">Main hydraulic cylinder<\/div>\n<\/div>\n<\/td>\n<td class=\"bdt-static-body-row-cell elementor-repeater-item-328db8d\">\n<div class=\"bdt-static-body-row-cell-wrap\">\n<div class=\"bdt-static-body-row-cell-text\">\u00d82100 mm x \u00d8140 x \u00d880 mm<\/div>\n<\/div>\n<\/td>\n<\/tr>\n<tr>\n<td class=\"bdt-static-body-row-cell elementor-repeater-item-db87d8d\">\n<div class=\"bdt-static-body-row-cell-wrap\">\n<div class=\"bdt-static-body-row-cell-text\">Concrete valve<\/div>\n<\/div>\n<\/td>\n<td class=\"bdt-static-body-row-cell elementor-repeater-item-d06d513\">\n<div class=\"bdt-static-body-row-cell-wrap\">\n<div class=\"bdt-static-body-row-cell-text\">S Ventilsystem<\/div>\n<\/div>\n<\/td>\n<\/tr>\n<tr>\n<td class=\"bdt-static-body-row-cell elementor-repeater-item-a4fed3b\">\n<div class=\"bdt-static-body-row-cell-wrap\">\n<div class=\"bdt-static-body-row-cell-text\">Water pump<\/div>\n<\/div>\n<\/td>\n<td class=\"bdt-static-body-row-cell elementor-repeater-item-1a710db\">\n<div class=\"bdt-static-body-row-cell-wrap\">\n<div class=\"bdt-static-body-row-cell-text\">67 lt\/min &#8211; 170 bars<\/div>\n<\/div>\n<\/td>\n<\/tr>\n<tr>\n<td class=\"bdt-static-body-row-cell elementor-repeater-item-accf718\">\n<div class=\"bdt-static-body-row-cell-wrap\">\n<div class=\"bdt-static-body-row-cell-text\">Water tank<\/div>\n<\/div>\n<\/td>\n<td class=\"bdt-static-body-row-cell elementor-repeater-item-49c3410\">\n<div class=\"bdt-static-body-row-cell-wrap\">\n<div class=\"bdt-static-body-row-cell-text\">600 Liter, 12 m Schlauch mit Armaturen<\/div>\n<\/div>\n<\/td>\n<\/tr>\n<tr>\n<td class=\"bdt-static-body-row-cell elementor-repeater-item-f0272c8\">\n<div class=\"bdt-static-body-row-cell-wrap\">\n<div class=\"bdt-static-body-row-cell-text\">Betontrichter<\/div>\n<\/div>\n<\/td>\n<td class=\"bdt-static-body-row-cell elementor-repeater-item-38a0d94\">\n<div class=\"bdt-static-body-row-cell-wrap\">\n<div class=\"bdt-static-body-row-cell-text\">600 Liter<\/div>\n<\/div>\n<\/td>\n<\/tr>\n<tr>\n<td class=\"bdt-static-body-row-cell elementor-repeater-item-bc30997\">\n<div class=\"bdt-static-body-row-cell-wrap\">\n<div class=\"bdt-static-body-row-cell-text\">Fernsteuerung<\/div>\n<\/div>\n<\/td>\n<td class=\"bdt-static-body-row-cell elementor-repeater-item-220d60d\">\n<div class=\"bdt-static-body-row-cell-wrap\">\n<div class=\"bdt-static-body-row-cell-text\">Scanreco<\/div>\n<\/div>\n<\/td>\n<\/tr>\n<tr>\n<td class=\"bdt-static-body-row-cell elementor-repeater-item-7bc515c\">\n<div class=\"bdt-static-body-row-cell-wrap\">\n<div class=\"bdt-static-body-row-cell-text\">Pumpen-Typen<\/div>\n<\/div>\n<\/td>\n<td class=\"bdt-static-body-row-cell elementor-repeater-item-831c306\">\n<div class=\"bdt-static-body-row-cell-wrap\">\n<div class=\"bdt-static-body-row-cell-text\">Hauptpumpe: REXROTH; Ausleger: Rexroth; R\u00fchrwerkspumpe: ASC<\/div>\n<\/div>\n<\/td>\n<\/tr>\n<tr>\n<td class=\"bdt-static-body-row-cell elementor-repeater-item-fb5c5bd\">\n<div class=\"bdt-static-body-row-cell-wrap\">\n<div class=\"bdt-static-body-row-cell-text\">Schaltkasten<\/div>\n<\/div>\n<\/td>\n<td class=\"bdt-static-body-row-cell elementor-repeater-item-b96510a\">\n<div class=\"bdt-static-body-row-cell-wrap\">\n<div class=\"bdt-static-body-row-cell-text\">Electronic Software Control<\/div>\n<\/div>\n<\/td>\n<\/tr>\n<tr>\n<td class=\"bdt-static-body-row-cell elementor-repeater-item-d40d7bf\">\n<div class=\"bdt-static-body-row-cell-wrap\">\n<div class=\"bdt-static-body-row-cell-text\">Richtungswechsel-System<\/div>\n<\/div>\n<\/td>\n<td class=\"bdt-static-body-row-cell elementor-repeater-item-778db23\">\n<div class=\"bdt-static-body-row-cell-wrap\">\n<div class=\"bdt-static-body-row-cell-text\">Magnetischer Sensor (N\u00e4herungsschalter)<\/div>\n<\/div>\n<\/td>\n<\/tr>\n<\/tbody>\n<\/table>\n<p>[\/vc_toggle][vc_toggle title=&#8221;Abschnitt: Ausleger&#8221; style=&#8221;square&#8221; size=&#8221;lg&#8221; css=&#8221;&#8221; el_class=&#8221;faq-p&#8221;]<\/p>\n<table class=\"bdt-static-table\">\n<tbody>\n<tr>\n<td class=\"bdt-static-body-row-cell elementor-repeater-item-ebfb0bf\">\n<div class=\"bdt-static-body-row-cell-wrap\">\n<div class=\"bdt-static-body-row-cell-text\">Ausleger<\/div>\n<\/div>\n<\/td>\n<td class=\"bdt-static-body-row-cell elementor-repeater-item-5378118\">\n<div class=\"bdt-static-body-row-cell-wrap\">\n<div class=\"bdt-static-body-row-cell-text\">5 Abschnitte, RZ-Faltung<\/div>\n<\/div>\n<\/td>\n<\/tr>\n<tr>\n<td class=\"bdt-static-body-row-cell elementor-repeater-item-8b2c07d\">\n<div class=\"bdt-static-body-row-cell-wrap\">\n<div class=\"bdt-static-body-row-cell-text\">Max. Vertikale Reichweite<\/div>\n<\/div>\n<\/td>\n<td class=\"bdt-static-body-row-cell elementor-repeater-item-45ebbfa\">\n<div class=\"bdt-static-body-row-cell-wrap\">\n<div class=\"bdt-static-body-row-cell-text\">37.5 Meter (ohne Endschlauch)<\/div>\n<\/div>\n<\/td>\n<\/tr>\n<tr>\n<td class=\"bdt-static-body-row-cell elementor-repeater-item-1fd7f5c\">\n<div class=\"bdt-static-body-row-cell-wrap\">\n<div class=\"bdt-static-body-row-cell-text\">Max. Horizontale Reichweite<\/div>\n<\/div>\n<\/td>\n<td class=\"bdt-static-body-row-cell elementor-repeater-item-328db8d\">\n<div class=\"bdt-static-body-row-cell-wrap\">\n<div class=\"bdt-static-body-row-cell-text\">32.5 m (ohne Endschlauch)<\/div>\n<\/div>\n<\/td>\n<\/tr>\n<tr>\n<td class=\"bdt-static-body-row-cell elementor-repeater-item-db87d8d\">\n<div class=\"bdt-static-body-row-cell-wrap\">\n<div class=\"bdt-static-body-row-cell-text\">Endschlauch<\/div>\n<\/div>\n<\/td>\n<td class=\"bdt-static-body-row-cell elementor-repeater-item-892f697\">\n<div class=\"bdt-static-body-row-cell-wrap\">\n<div class=\"bdt-static-body-row-cell-text\">3m Einzelflansch, DN 125<\/div>\n<\/div>\n<\/td>\n<\/tr>\n<tr>\n<td class=\"bdt-static-body-row-cell elementor-repeater-item-46fd477\">\n<div class=\"bdt-static-body-row-cell-wrap\">\n<div class=\"bdt-static-body-row-cell-text\">Podest-Typ<\/div>\n<\/div>\n<\/td>\n<td class=\"bdt-static-body-row-cell elementor-repeater-item-26839d5\">\n<div class=\"bdt-static-body-row-cell-wrap\">\n<div class=\"bdt-static-body-row-cell-text\">X-Typ<\/div>\n<\/div>\n<\/td>\n<\/tr>\n<tr>\n<td class=\"bdt-static-body-row-cell elementor-repeater-item-7919203\">\n<div class=\"bdt-static-body-row-cell-wrap\">\n<div class=\"bdt-static-body-row-cell-text\">Drehkranz<\/div>\n<\/div>\n<\/td>\n<td class=\"bdt-static-body-row-cell elementor-repeater-item-d06d513\">\n<div class=\"bdt-static-body-row-cell-wrap\">\n<div class=\"bdt-static-body-row-cell-text\">365 Grad<\/div>\n<\/div>\n<\/td>\n<\/tr>\n<tr>\n<td class=\"bdt-static-body-row-cell elementor-repeater-item-a4fed3b\">\n<div class=\"bdt-static-body-row-cell-wrap\">\n<div class=\"bdt-static-body-row-cell-text\">Drehgeschwindigkeit<\/div>\n<\/div>\n<\/td>\n<td class=\"bdt-static-body-row-cell elementor-repeater-item-1a710db\">\n<div class=\"bdt-static-body-row-cell-wrap\">\n<div class=\"bdt-static-body-row-cell-text\">0.3 RPM<\/div>\n<\/div>\n<\/td>\n<\/tr>\n<tr>\n<td class=\"bdt-static-body-row-cell elementor-repeater-item-accf718\">\n<div class=\"bdt-static-body-row-cell-wrap\">\n<div class=\"bdt-static-body-row-cell-text\">Durchmesser der F\u00f6rderleitung<\/div>\n<\/div>\n<\/td>\n<td class=\"bdt-static-body-row-cell elementor-repeater-item-49c3410\">\n<div class=\"bdt-static-body-row-cell-wrap\">\n<div class=\"bdt-static-body-row-cell-text\">125 mm<\/div>\n<\/div>\n<\/td>\n<\/tr>\n<tr>\n<td class=\"bdt-static-body-row-cell elementor-repeater-item-d485ea1\">\n<div class=\"bdt-static-body-row-cell-wrap\">\n<div class=\"bdt-static-body-row-cell-text\">Abstand zwischen den Vorderbeinen<\/div>\n<\/div>\n<\/td>\n<td class=\"bdt-static-body-row-cell elementor-repeater-item-69aa204\">\n<div class=\"bdt-static-body-row-cell-wrap\">\n<div class=\"bdt-static-body-row-cell-text\">6.3 m<\/div>\n<\/div>\n<\/td>\n<\/tr>\n<tr>\n<td class=\"bdt-static-body-row-cell elementor-repeater-item-7c285cc\">\n<div class=\"bdt-static-body-row-cell-wrap\">\n<div class=\"bdt-static-body-row-cell-text\">Abstand zwischen den Hinterbeinen<\/div>\n<\/div>\n<\/td>\n<td class=\"bdt-static-body-row-cell elementor-repeater-item-a2b9468\">\n<div class=\"bdt-static-body-row-cell-wrap\">\n<div class=\"bdt-static-body-row-cell-text\">8.2 m<\/div>\n<\/div>\n<\/td>\n<\/tr>\n<\/tbody>\n<\/table>\n<p>[\/vc_toggle][\/vc_column][\/vc_row]<\/p>\n<\/div>","protected":false},"excerpt":{"rendered":"<div><img loading=\"lazy\" decoding=\"async\" class=\"alignnone size-medium\" src=\"https:\/\/alexcompany.net\/alexcompany\/wp-content\/uploads\/2025\/05\/euromix_swan_black.png-300x99.webp\" alt=\"\" width=\"300\" height=\"99\" \/><\/div>\n<div>\n<h2>Betonpumpe<br \/>\n<b>SWAN\u00ae S 38-5<\/b><\/h2>\n<\/div>\n<div>Die ideale L\u00f6sung f\u00fcr mittelgro\u00dfe und gro\u00dfe Bauprojekte stellt die 38-Meter-Betonpumpe dar. Sie zeichnet sich durch ihre herausragende horizontale und vertikale Erreichbarkeit aus, und das alles innerhalb einer Transportl\u00e4nge von 12 Metern.<\/div>\n<div class=\"sku-top-buttoms\"><a class=\"wd-btn btn-solid btn-medium icon-after bg-req\" href=\"https:\/\/alexcompany.net\/alexcompany\/contact\/\">Request a Quote<\/a><br \/>\n<a class=\"wd-btn btn-solid btn-medium icon-after\" style=\"display: none;\" target=\"_blank\" rel=\"noopener\">Download Brochure<\/a><\/div>\n","protected":false},"featured_media":6576,"comment_status":"closed","ping_status":"closed","template":"","meta":[],"product_brand":[229],"product_cat":[34,218,109],"product_tag":[],"class_list":{"0":"post-6575","1":"product","2":"type-product","3":"status-publish","4":"has-post-thumbnail","6":"product_brand-euromix","7":"product_cat-trucks","8":"product_cat-euromix","9":"product_cat-concrete-pumps","11":"first","12":"instock","13":"shipping-taxable","14":"product-type-simple"},"_links":{"self":[{"href":"https:\/\/alexcompany.net\/alexcompany\/wp-json\/wp\/v2\/product\/6575","targetHints":{"allow":["GET"]}}],"collection":[{"href":"https:\/\/alexcompany.net\/alexcompany\/wp-json\/wp\/v2\/product"}],"about":[{"href":"https:\/\/alexcompany.net\/alexcompany\/wp-json\/wp\/v2\/types\/product"}],"replies":[{"embeddable":true,"href":"https:\/\/alexcompany.net\/alexcompany\/wp-json\/wp\/v2\/comments?post=6575"}],"wp:featuredmedia":[{"embeddable":true,"href":"https:\/\/alexcompany.net\/alexcompany\/wp-json\/wp\/v2\/media\/6576"}],"wp:attachment":[{"href":"https:\/\/alexcompany.net\/alexcompany\/wp-json\/wp\/v2\/media?parent=6575"}],"wp:term":[{"taxonomy":"product_brand","embeddable":true,"href":"https:\/\/alexcompany.net\/alexcompany\/wp-json\/wp\/v2\/product_brand?post=6575"},{"taxonomy":"product_cat","embeddable":true,"href":"https:\/\/alexcompany.net\/alexcompany\/wp-json\/wp\/v2\/product_cat?post=6575"},{"taxonomy":"product_tag","embeddable":true,"href":"https:\/\/alexcompany.net\/alexcompany\/wp-json\/wp\/v2\/product_tag?post=6575"}],"curies":[{"name":"wp","href":"https:\/\/api.w.org\/{rel}","templated":true}]}}